{"id":29847,"date":"2026-02-01T19:57:10","date_gmt":"2026-02-01T13:27:10","guid":{"rendered":"https:\/\/combo.better.com.mm\/?post_type=product&#038;p=29847"},"modified":"2026-04-23T13:52:35","modified_gmt":"2026-04-23T07:22:35","slug":"redmi-note-15-pro-4g-official-global","status":"publish","type":"product","link":"https:\/\/combo.better.com.mm\/my\/product\/redmi-note-15-pro-4g-official-global\/","title":{"rendered":"Redmi Note 15 Pro 4G (Official Global)"},"content":{"rendered":"<p>Processor<br \/>\nMediaTek Helio G200-Ultra<br \/>\n6nm manufacturing process technology<br \/>\nCPU: Octa-core processor, up to 2.2GHz<br \/>\nGPU: Mali-G57 MC2<\/p>\n<p>Dimensions<br \/>\nHeight: 163.22mm<br \/>\nWidth: 76.29mm<br \/>\nThickness: 7.96mm<br \/>\nWeight: 195g<\/p>\n<p>Display<br \/>\n6.77&#8243; AMOLED display<br \/>\nResolution: 2392 x 1080<br \/>\nRefresh rate: Up to 120Hz<br \/>\nTouch sampling rate: 240Hz<br \/>\nBrightness: 3200 nits peak brightness, 800 nits (typ)<br \/>\nColor depth: 12bit<br \/>\nContrast ratio: 8,000,000:1DCI- P3 wide color gamut<br \/>\nSunlight display<br \/>\nReading mode<br \/>\n3840Hz PWM dimming\uff5c16,000-level brightness adjustment<br \/>\nT\u00dcV Rheinland Low Blue Light (Hardware Solution) Certified | T\u00dcV Rheinland Circadian Friendly Certified | T\u00dcV Rheinland Flicker Free Certified<\/p>\n<p>Rear camera<br \/>\n200MP ultimate-clarity camera<br \/>\nOIS<br \/>\nf\/1.7<br \/>\n16-in-1 binning into one large 2.24\u03bcm pixel<br \/>\n1\/3.6&#8243; sensor size<br \/>\n7P lens<br \/>\n8MP ultra-wide camera- f\/2.2<br \/>\nRear camera video recording- 1080p at 30\/60 fps720p at 30fps<\/p>\n<p>Front camera<br \/>\n32MP front camera<br \/>\n1\/3.6&#8243; sensor size<br \/>\nf\/2.2<br \/>\n4P lens<br \/>\nFront camera video recording-1080p at 30fps720p at 30fps<\/p>\n<p>Battery and charging<br \/>\n6500mAh(typ) battery<br \/>\n45W turbo charging<br \/>\n45W In-box charger<\/p>\n<p>Security<br \/>\nIn-screen fingerprint sensor<br \/>\nAI face unlock<\/p>\n<p>Network and Connectivity<br \/>\nSIM 1 + Hybrid (SIM or microSD) Dual standby<\/p>\n<p>Audio<br \/>\nDual speakers300% volume boost<\/p>\n<p>Operating System<br \/>\nXiaomi HyperOS 2<\/p>","protected":false},"excerpt":{"rendered":"<p>Processor MediaTek Helio G200-Ultra 6nm manufacturing process technology CPU: Octa-core processor, up to 2.2GHz GPU: Mali-G57 MC2 Dimensions Height: 163.22mm<\/p>","protected":false},"featured_media":29847,"template":"","meta":{"_monsterinsights_skip_tracking":false,"_monsterinsights_sitenote_active":false,"_monsterinsights_sitenote_note":"","_monsterinsights_sitenote_category":0},"product_brand":[],"product_cat":[109],"product_tag":[135,167,163],"class_list":{"0":"post-29847","1":"product","2":"type-product","3":"status-publish","4":"has-post-thumbnail","6":"product_cat-mobile","7":"product_tag-combo","8":"product_tag-corporate","9":"product_tag-employee","11":"first","12":"instock","13":"sold-individually","14":"shipping-taxable","15":"purchasable","16":"product-type-variable","17":"has-default-attributes"},"_links":{"self":[{"href":"https:\/\/combo.better.com.mm\/my\/wp-json\/wp\/v2\/product\/29847","targetHints":{"allow":["GET"]}}],"collection":[{"href":"https:\/\/combo.better.com.mm\/my\/wp-json\/wp\/v2\/product"}],"about":[{"href":"https:\/\/combo.better.com.mm\/my\/wp-json\/wp\/v2\/types\/product"}],"wp:featuredmedia":[{"embeddable":true,"href":"https:\/\/combo.better.com.mm\/my\/wp-json\/wp\/v2\/product\/29847"}],"wp:attachment":[{"href":"https:\/\/combo.better.com.mm\/my\/wp-json\/wp\/v2\/media?parent=29847"}],"wp:term":[{"taxonomy":"product_brand","embeddable":true,"href":"https:\/\/combo.better.com.mm\/my\/wp-json\/wp\/v2\/product_brand?post=29847"},{"taxonomy":"product_cat","embeddable":true,"href":"https:\/\/combo.better.com.mm\/my\/wp-json\/wp\/v2\/product_cat?post=29847"},{"taxonomy":"product_tag","embeddable":true,"href":"https:\/\/combo.better.com.mm\/my\/wp-json\/wp\/v2\/product_tag?post=29847"}],"curies":[{"name":"wp","href":"https:\/\/api.w.org\/{rel}","templated":true}]}}